{"id":3,"date":"2020-07-26T00:34:27","date_gmt":"2020-07-26T03:34:27","guid":{"rendered":"https:\/\/cyberhouse.shop\/?page_id=3"},"modified":"2020-08-30T19:09:37","modified_gmt":"2020-08-30T22:09:37","slug":"politica-privacidade","status":"publish","type":"page","link":"https:\/\/cyberhouse.shop\/index.php\/politica-privacidade\/","title":{"rendered":"Politica de privacidade \/ Termos de Uso"},"content":{"rendered":"\n<h2 class=\"wp-block-heading\">Politica de privacidade \/ Termos de Uso:<\/h2>\n\n\n\n<p>O presente site destina-se a disponibilizar mais uma forma de compra aos consumidores da Terres Store, al\u00e9m de possibilitar a aproxima\u00e7\u00e3o de nossos clientes.<\/p>\n\n\n\n<p>&nbsp;<em>Importante<\/em><strong>: a<\/strong><strong>o navegar neste site, o usu\u00e1rio estar\u00e1 concordando com os Termos e Condi\u00e7\u00f5es de Uso que o regem e com todos os outros avisos que possam aparecer nas p\u00e1ginas deste site, pertinentes a assuntos tratados nos referidos Termos.<br><br>1. Defini\u00e7\u00f5es<\/strong><\/p>\n\n\n\n<p>1.1 Os termos abaixo descritos, quando empregados nos presentes Termos e Condi\u00e7\u00f5es de Uso da Terres Store, ter\u00e3o os seguintes significados:<\/p>\n\n\n\n<p>-Classificam-se como \u201c<strong>internauta<\/strong>\u201d todos aqueles que de alguma forma acessam o site da&nbsp;Terres Store&nbsp;e loja virtual, clientes ou n\u00e3o.<\/p>\n\n\n\n<p>-Classificam-se como \u201c<strong>cliente<\/strong>\u201d todas as pessoas que utilizam os produtos e\/ou servi\u00e7os oferecidos pela&nbsp;Terres Store&nbsp;e loja virtual, pagos ou n\u00e3o.<\/p>\n\n\n\n<p>-Classificam-se como \u201c<strong>usu\u00e1rios<\/strong>\u201d todas as pessoas que se cadastram no site da&nbsp;Terres Store&nbsp;e loja virtual e recebem uma identifica\u00e7\u00e3o individual e exclusiva.<\/p>\n\n\n\n<p><strong>-Login<\/strong>: Identifica\u00e7\u00e3o de um usu\u00e1rio perante o sistema.&nbsp;<\/p>\n\n\n\n<p><strong>-Senha<\/strong>: Conjuntos de caracteres, de conhecimento \u00fanico do usu\u00e1rio, utilizado no processo de verifica\u00e7\u00e3o de sua identidade, assegurando que ele \u00e9 realmente quem diz ser.<\/p>\n\n\n\n<p><strong>2. Finalidade da Loja Virtual<\/strong><\/p>\n\n\n\n<p>2.1 Este site coloca \u00e0 disposi\u00e7\u00e3o do usu\u00e1rio a loja virtual da Terres Store, a fim de trazer maior praticidade para o consumidor em suas compras.<\/p>\n\n\n\n<p>2.2 O usu\u00e1rio, ap\u00f3s cadastramento no site atrav\u00e9s do link \u201cEntrar\u201d no topo da p\u00e1gina, \u201cCriar uma conta\u201d, Crie a sua conta\u201d poder\u00e1 realizar suas compras&nbsp;online, escolher a forma de pagamento, navegar pelo site, etc.<\/p>\n\n\n\n<p>2.3. Ap\u00f3s efetuar o logon informando endere\u00e7o de e-mail e senha, o usu\u00e1rio poder\u00e1 verificar informa\u00e7\u00f5es da conta, alterar seus dados cadastrais, acompanhar seus pedidos, etc.<\/p>\n\n\n\n<p>2.4 \u00c9 de inteira responsabilidade do usu\u00e1rio a inser\u00e7\u00e3o das informa\u00e7\u00f5es na base de dados da loja virtual da Terres Store.<\/p>\n\n\n\n<p><strong>3. Quem pode efetuar o cadastro?<\/strong><\/p>\n\n\n\n<p>3.1&nbsp;Para ser um usu\u00e1rio da loja virtual da Terres Store, basta que o internauta preencha o formul\u00e1rio de cadastro dispon\u00edvel em \u201cEntrar\u201d no topo da p\u00e1gina, \u201cCriar uma conta\u201d, Crie a sua conta\u201d poder\u00e1 realizar suas compras&nbsp;online, escolher a forma de pagamento, navegar pelo site, etc.<\/p>\n\n\n\n<p>3.2 Caso o usu\u00e1rio seja profissional, representante, distribuidor, entre outros e queira adquirir produtos no atacado, dever\u00e1 entrar em contato pelo telefone (45) 3235.2167 ou contato@cyberhouse.shop<\/p>\n\n\n\n<p>3.3. O usu\u00e1rio precisa ter capacidade legal para contratar e ser maior de 18 anos.<\/p>\n\n\n\n<p>3.4. O usu\u00e1rio que cadastrar-se na loja virtual utilizando dados de terceiros poder\u00e1 incorrer nos crimes de falsa identidade e estelionato, ambos previstos no C\u00f3digo Penal Brasileiro, sem preju\u00edzo de eventual responsabiliza\u00e7\u00e3o por legisla\u00e7\u00e3o espec\u00edfica.<\/p>\n\n\n\n<p><strong>4. Cadastro, Login, Senha e Seguran\u00e7a<\/strong><\/p>\n\n\n\n<p>4.1 \u00c9 vedado aos usu\u00e1rios a cess\u00e3o, venda, aluguel ou qualquer outra forma de transfer\u00eancia de seu cadastro.<\/p>\n\n\n\n<p>4.2. \u00c9 de inteira responsabilidade do usu\u00e1rio a inser\u00e7\u00e3o dos dados no formul\u00e1rio de cadastramento.<\/p>\n\n\n\n<p>4.3. Caso a Terres Store constate qualquer inexatid\u00e3o nas informa\u00e7\u00f5es prestadas pelo usu\u00e1rio, ou ilegalidade em sua conduta, poder\u00e1, a seu exclusivo crit\u00e9rio, suspender e\/ou cancelar o correspondente cadastro. Tal atitude, contudo, n\u00e3o cessa nem diminui a responsabilidade do usu\u00e1rio quanto \u00e0 exatid\u00e3o e veracidade dos dados que fornecer.<\/p>\n\n\n\n<p>4.4. Quando o usu\u00e1rio realizar o seu cadastro, dever\u00e1 criar seu pr\u00f3prio login e senha.<\/p>\n\n\n\n<p>4.5. As instru\u00e7\u00f5es para a troca de senha est\u00e3o disponibilizadas no site e dever\u00e3o ser seguidas pelos usu\u00e1rios.<\/p>\n\n\n\n<p>4.6. O usu\u00e1rio ser\u00e1 o \u00fanico respons\u00e1vel por seu login e senha e responder\u00e1 por todos os atos praticados com estes. Portanto, \u00e9 dever do usu\u00e1rio zelar pela guarda e confidencialidade de sua senha.<\/p>\n\n\n\n<p>4.7. A senha, bem como os dados cadastrais, poder\u00e3o ser alterados a qualquer momento pelo usu\u00e1rio.<\/p>\n\n\n\n<p>4.8. O usu\u00e1rio concorda em notificar imediatamente a Terres Store sobre o extravio, perda, roubo ou qualquer uso n\u00e3o autorizado de seu login e senha, al\u00e9m de qualquer quebra de seguran\u00e7a de seu conhecimento. Diante destas situa\u00e7\u00f5es, constitui tamb\u00e9m obriga\u00e7\u00e3o do usu\u00e1rio alterar imediatamente a sua senha ap\u00f3s a ocorr\u00eancia de tais fatos.<\/p>\n\n\n\n<p>4.9. A Terres Store n\u00e3o solicita dados de login, senha ou outras informa\u00e7\u00f5es cadastrais e\/ou financeiras a seus usu\u00e1rios e\/ou clientes por e-mail, em hip\u00f3tese alguma.<\/p>\n\n\n\n<p><strong><br>5. Informa\u00e7\u00f5es<\/strong><\/p>\n\n\n\n<p>5.1. A Terres Store empenhar\u00e1 seus melhores esfor\u00e7os no sentido de manter as informa\u00e7\u00f5es que disponibilizar no site, t\u00e3o precisas, atualizadas e completas quanto poss\u00edveis. No entanto, n\u00e3o se responsabiliza por imprecis\u00e3o, erro, fraude, inexatid\u00e3o ou diverg\u00eancia nas informa\u00e7\u00f5es, dados, fotos e v\u00eddeos.<\/p>\n\n\n\n<p>5.2. \u00c9 de exclusiva responsabilidade do usu\u00e1rio a interpreta\u00e7\u00e3o das informa\u00e7\u00f5es disponibilizadas neste site, bem como das comunica\u00e7\u00f5es trocadas entre o setor de Atendimento da Terres Store.<\/p>\n\n\n\n<p>5.3. \u00c9 responsabilidade do usu\u00e1rio fornecer informa\u00e7\u00f5es ver\u00eddicas e mant\u00ea-las atualizadas, principalmente, seus dados cadastrais e banc\u00e1rios, eximindo a Terres Store de quaisquer responsabilidades.<\/p>\n\n\n\n<p><br><strong>6. Caracter\u00edsticas para uma melhor navega\u00e7\u00e3o<\/strong><\/p>\n\n\n\n<p>6.1 Este site \u00e9 melhor visualizado no navegador Google Chrome em 1370 X 768 pixels e \u00e9 compat\u00edvel com o navegador Microsoft Edge ou superior, assim como Firefox.<\/p>\n\n\n\n<p>6.2 O usu\u00e1rio \u00e9 respons\u00e1vel por instalar os aplicativos eventualmente necess\u00e1rios para a visualiza\u00e7\u00e3o dos conte\u00fados dispon\u00edveis neste site.<\/p>\n\n\n\n<p><strong><br>7. Direitos autorais e propriedade intelectual<\/strong><\/p>\n\n\n\n<p>7.1. Ao acessar a p\u00e1gina da loja virtual da Terres Store, o usu\u00e1rio declara que ir\u00e1 respeitar todos os direitos de propriedade intelectual e os decorrentes da prote\u00e7\u00e3o da marca Terres. O simples acesso ao site n\u00e3o confere ao usu\u00e1rio qualquer direito de uso dos nomes, t\u00edtulos, palavras, frases, marca, patentes, imagens, v\u00eddeos, s\u00edmbolos, entre outras, que nele estejam, ou estiveram, dispon\u00edveis.<\/p>\n\n\n\n<p>7.2. A reprodu\u00e7\u00e3o dos conte\u00fados descritos anteriormente est\u00e1 proibida, salvo pr\u00e9via autoriza\u00e7\u00e3o por escrito da Terres Store ou caso se destinem ao uso exclusivamente pessoal e sem que em nenhuma circunst\u00e2ncia o usu\u00e1rio adquira qualquer direito sobre os mesmos.<\/p>\n\n\n\n<p>7.3. O usu\u00e1rio assume toda e qualquer responsabilidade, de car\u00e1ter civil e\/ou criminal, pela utiliza\u00e7\u00e3o indevida das informa\u00e7\u00f5es, textos, gr\u00e1ficos, marca, imagens, v\u00eddeos, enfim, de todo e qualquer direito de propriedade intelectual ou industrial deste site.<\/p>\n\n\n\n<p>7.4. As fotos e imagens utilizadas neste site podem n\u00e3o refletir seu tamanho e\/ou cor original ou situa\u00e7\u00e3o atual do cen\u00e1rio reproduzido, sendo meramente ilustrativas.<\/p>\n\n\n\n<p><br><strong>8. Responsabilidade do Usu\u00e1rio<\/strong><\/p>\n\n\n\n<p>8.1. O usu\u00e1rio assume todos os \u00f4nus e responsabilidades decorrentes dos atos que praticar neste site, ainda, pelos atos que terceiros praticarem em seu nome, por meio do uso de seu login e senha.<\/p>\n\n\n\n<p>8.2. O usu\u00e1rio \u00e9 o \u00fanico respons\u00e1vel pelas informa\u00e7\u00f5es que prestar ou divulgar neste site, inclusive, pelos atos que praticar atrav\u00e9s deste site.<\/p>\n\n\n\n<p>8.3. O usu\u00e1rio SE COMPROMETE A INDENIZAR a Terres Store por quaisquer preju\u00edzos e danos que causar a ele em decorr\u00eancia de suas a\u00e7\u00f5es ou omiss\u00f5es que violem as disposi\u00e7\u00f5es contidas na legisla\u00e7\u00e3o vigente ou nos Termos e Condi\u00e7\u00f5es de Uso deste site.<\/p>\n\n\n\n<p><strong>9. Exclus\u00e3o de Garantias e de Responsabilidade<\/strong><\/p>\n\n\n\n<p>9.1. Em decorr\u00eancia de quest\u00f5es operacionais, de terceiriza\u00e7\u00e3o de servi\u00e7os, o site est\u00e1 sujeito a eventuais problemas de interrup\u00e7\u00e3o, falha t\u00e9cnica e indisponibilidade de funcionamento tempor\u00e1rio.&nbsp;<\/p>\n\n\n\n<p>9.2. A Terres Store se exime de qualquer responsabilidade pelos danos e preju\u00edzos de toda natureza que possam decorrer da falta de disponibilidade ou de continuidade do funcionamento do site.<\/p>\n\n\n\n<p>9.3. A Terres Store n\u00e3o se responsabiliza por qualquer dano ou preju\u00edzo com envio de informa\u00e7\u00f5es ou Spams (mensagens eletr\u00f4nicas de conte\u00fado publicit\u00e1rio) indesejados que n\u00e3o tenham sido autorizados pelo site da Terres Store ou que n\u00e3o tenham sido disparados de sua base de dados.<\/p>\n\n\n\n<p>9.4. A&nbsp;Terres Store&nbsp;n\u00e3o se responsabiliza por qualquer caso em que ocorra erro sist\u00eamico que alterem dados ou informa\u00e7\u00f5es referentes aos produtos, inclusive aos pre\u00e7os informados no site. Em caso de erro, o cliente ser\u00e1 comunicado via e-mail e\/ou telefone sobre o cancelamento de seu pedido. No caso de cancelamento do pedido a opera\u00e7\u00e3o ser\u00e1 anulada, e os valores eventualmente pagos pelo cliente ser\u00e3o devolvidos.<br><br><strong>10. Condi\u00e7\u00f5es Comerciais<\/strong><\/p>\n\n\n\n<p><br><strong>10.1. Processo de compra<\/strong><\/p>\n\n\n\n<p>10.1.1. Somente poder\u00e3o fazer uso e adquirir produtos divulgados na loja virtual da Terres Store pessoas f\u00edsicas ou jur\u00eddicas capazes e em pleno exerc\u00edcio de seus direitos e obriga\u00e7\u00f5es, de acordo com a lei brasileira e demais regulamenta\u00e7\u00f5es internacionais que possam ser aplic\u00e1veis.<\/p>\n\n\n\n<p>10.1.2. Todos os pre\u00e7os e condi\u00e7\u00f5es da loja virtual Terres Store s\u00e3o v\u00e1lidos apenas para compras realizadas nesta loja virtual e n\u00e3o se aplicam para outros meios de compra, em lojas de terceiros e compras por telefone.<\/p>\n\n\n\n<p>10.1.3. Escolhido o produto o consumidor ser\u00e1 remetido para uma nova p\u00e1gina com as caracter\u00edsticas do produto e imagens, al\u00e9m das informa\u00e7\u00f5es completas sobre pre\u00e7o e condi\u00e7\u00f5es de pagamento.<\/p>\n\n\n\n<p>10.1.4. Ao selecionar a op\u00e7\u00e3o de comprar o produto, o consumidor ser\u00e1 remetido a um ambiente de cadastro e autentica\u00e7\u00e3o, se o mesmo j\u00e1 possuir cadastro bastar\u00e1 autenticar-se para que tenha acesso direto \u00e0 \u00e1rea exclusiva no qual o cliente informar\u00e1 os dados para fechamento da compra e entrega.<\/p>\n\n\n\n<p>10.1.5. Caso seja a primeira compra do consumidor o mesmo dever\u00e1 realizar o processo de cadastro informando seus dados pessoais e relativos ao local de entrega e ainda expressar seu aceite destes Termos de Uso e da Pol\u00edtica de Privacidade da Terres Store.<\/p>\n\n\n\n<p>10.1.6. Ap\u00f3s a valida\u00e7\u00e3o dos dados e verifica\u00e7\u00e3o de disponibilidade em estoque do produto, o consumidor receber\u00e1 uma confirma\u00e7\u00e3o de que a compra foi realizada com sucesso, al\u00e9m de um C\u00f3digo de Pedido que dever\u00e1 ser usado para o acompanhamento do mesmo.<\/p>\n\n\n\n<p><br><strong>11. Da entrega dos produtos<\/strong><\/p>\n\n\n\n<p><strong>11.1 Possibilidades de Frete&nbsp;<\/strong><\/p>\n\n\n\n<p>11.1.1. A&nbsp;Terres Store&nbsp;\u00e9 parceira da Empresa Brasileira de Correios e Tel\u00e9grafos (ECT), e trabalhamos com as op\u00e7\u00f5es:&nbsp;<em>PAC e SEDEX.<\/em><\/p>\n\n\n\n<p><em>PAC e SEDEX<\/em>&nbsp;diferem quanto ao valor cobrado pelo servi\u00e7o e tempo de entrega, em fun\u00e7\u00e3o do peso da remessa e destino da entrega.<\/p>\n\n\n\n<p><strong>11.2. Prazo de despacho do produto \u2013 pela&nbsp;Terres Store<\/strong><\/p>\n\n\n\n<p>11.2.1. Ao detectar um pagamento, a&nbsp;Terres Store&nbsp;automaticamente envia ao cliente um e-mail de confirma\u00e7\u00e3o. A partir deste momento utilizamos at\u00e9 3 dias \u00fateis para despachar o(s) produto(s) comprados, pelos Correios, quando enviamos outro e-mail informando do despacho e o c\u00f3digo para rastreamento do frete.<\/p>\n\n\n\n<p><strong>11.3. Prazo de entrega do produto \u2013 pelos Correios<\/strong><\/p>\n\n\n\n<p>11.3.1. O prazo de entrega dos correios varia de acordo com a sua op\u00e7\u00e3o de frete:&nbsp;<em>PAC ou SEDEX<\/em><em>.<\/em><\/p>\n\n\n\n<p>O prazo estimado pelos correios pode ser confirmado atrav\u00e9s do link:<a href=\"http:\/\/www.correios.com.br\/encomendas\/prazo\/default.cfm\" rel=\"noreferrer noopener\" target=\"_blank\">http:\/\/www.correios.com.br\/encomendas\/prazo\/default.cfm<\/a>&nbsp;(copie e cole este link em outra aba do navegador).<\/p>\n\n\n\n<p>A vari\u00e1vel para o prazo de entrega \u00e9 o destino da mesma.<\/p>\n\n\n\n<p>A&nbsp;Terres Store&nbsp;informa atrav\u00e9s do e-mail cadastrado o c\u00f3digo para rastreamento que pode ser utilizado no link:&nbsp;<a rel=\"noreferrer noopener\" href=\"http:\/\/www.correios.com.br\/servicos\/rastreamento\/rastreamento.cfm\" target=\"_blank\">http:\/\/www.correios.com.br\/servicos\/rastreamento\/rastreamento.cfm<\/a>&nbsp;(copie e cole este link em outra aba do navegador).<\/p>\n\n\n\n<p><strong>OBS: a&nbsp;Terres Store&nbsp;n\u00e3o se responsabiliza por atrasos&nbsp;cometidos pelos Correios&nbsp;no prazo de entrega . Garantimos o prazo de despacho do produto!<\/strong><\/p>\n\n\n\n<p><strong>11.4. Valor do frete<\/strong><\/p>\n\n\n\n<p>11.4.1. O valor do frete \u00e9 informado de acordo com a op\u00e7\u00e3o de entrega (PAC ou SEDEX) e \u00e9 calculado de acordo com o destino e peso da remessa. Na 4a. etapa de compra de nossa loja virtual (Envio), automaticamente s\u00e3o informados os valores cobrados por cada op\u00e7\u00e3o de frete dos Correios.<\/p>\n\n\n\n<p><strong>OBS: A&nbsp;Terres Store&nbsp;apenas repassa o custo do frete, n\u00e3o acrescendo em nada ao valor.<\/strong><\/p>\n\n\n\n<p><strong>Importante<\/strong><\/p>\n\n\n\n<p>&nbsp;<strong>O que verificar no ato da entrega<\/strong><\/p>\n\n\n\n<p>Recuse o recebimento do produto e entre em&nbsp;contato com a Terres Store, caso constate alguma das situa\u00e7\u00f5es abaixo:<\/p>\n\n\n\n<p>\u2022&nbsp;Produto avariado no transporte;<\/p>\n\n\n\n<p>\u2022&nbsp;Embalagem violada;<\/p>\n\n\n\n<p>\u2022&nbsp;Produto em desacordo com o pedido.<\/p>\n\n\n\n<p><strong>12 Da troca e devolu\u00e7\u00e3o dos produtos<\/strong><\/p>\n\n\n\n<p>12.1. Caso a entrega esteja avariada, recuse e devolva atrav\u00e9s dos Correios.<\/p>\n\n\n\n<p>12.2. Caso a mercadoria entregue n\u00e3o condiz com o pedido, retenha a mercadoria e entre em&nbsp;contato com a Terres Store&nbsp;para an\u00e1lise e solu\u00e7\u00e3o.<\/p>\n\n\n\n<p><strong>13. Do cancelamento da compra pela loja virtual da&nbsp;Terres Store<\/strong><\/p>\n\n\n\n<p>13.1. O cancelamento da compra por iniciativa da Terres Store ser\u00e1 autom\u00e1tico nas seguintes situa\u00e7\u00f5es:<\/p>\n\n\n\n<p>13.1.1. N\u00e3o pagamento;<\/p>\n\n\n\n<p>13.1.2. Inconsist\u00eancia de dados preenchidos no pedido.<\/p>\n\n\n\n<p>13.1.3. Impossibilidade de entrega do produto adquirido, em vista de inexist\u00eancia do endere\u00e7o de entrega como indicado pelo comprador ou a sua n\u00e3o acessibilidade.&nbsp;<\/p>\n\n\n\n<p>13.1.4. Caso ocorram erros sist\u00eamicos que alterem dados, erros de informa\u00e7\u00f5es referentes ao produto ou at\u00e9 mesmo referentes aos pre\u00e7os informados no site, o cliente ser\u00e1 comunicado via e-mail e\/ou telefone.<\/p>\n\n\n\n<p><strong>14. Modifica\u00e7\u00f5es destes Termos e Condi\u00e7\u00f5es<\/strong><\/p>\n\n\n\n<p>14.1. Os Termos e Condi\u00e7\u00f5es de Uso do site est\u00e3o sujeitos a constante melhoria e aprimoramento. Assim, a Terres Store se reserva o direito de modificar a qualquer momento, de forma unilateral, o presente Termos e Condi\u00e7\u00f5es de Uso.<\/p>\n\n\n\n<p><strong>15. Disposi\u00e7\u00f5es Gerais<\/strong><\/p>\n\n\n\n<p>15.1. A toler\u00e2ncia do eventual descumprimento de quaisquer das cl\u00e1usulas e condi\u00e7\u00f5es do presente instrumento n\u00e3o constituir\u00e1 nova\u00e7\u00e3o das obriga\u00e7\u00f5es aqui estipuladas e tampouco impedir\u00e1 ou inibir\u00e1 a exigibilidade das mesmas a qualquer tempo.<\/p>\n\n\n\n<p>15.2. O usu\u00e1rio autoriza expressamente a Terres Store a comunicar-se com o mesmo atrav\u00e9s de todos os canais de comunica\u00e7\u00e3o dispon\u00edveis, incluindo correio eletr\u00f4nico (e-mail), celular, SMS, entre outros, ficando ressaltado que a principal via de informa\u00e7\u00e3o para o usu\u00e1rio \u00e9 o pr\u00f3prio site.<\/p>\n\n\n\n<p>15.3. Este site tem como base o hor\u00e1rio oficial de Bras\u00edlia.<\/p>\n\n\n\n<p><strong>16. Lei aplic\u00e1vel e Jurisdi\u00e7\u00e3o<\/strong><\/p>\n\n\n\n<p>16.1. Os Termos e Condi\u00e7\u00f5es de Uso aqui descritos s\u00e3o regidos pela legisla\u00e7\u00e3o da Rep\u00fablica Federativa do Brasil. Seu texto dever\u00e1 ser interpretado no idioma portugu\u00eas e os usu\u00e1rios do site se submetem ao Foro da Comarca.<\/p>\n\n\n\n<p>16.2. Os Termos e Condi\u00e7\u00f5es de Uso da loja virtual da Terres Store, aplicam-se \u00e0 todos usu\u00e1rios, internautas, clientes, etc. que utilizam nosso site, qual seja, terres.net.br.<\/p>\n\n\n\n<p><strong>17. D\u00favidas<\/strong><\/p>\n\n\n\n<p>17.1. Caso tenha qualquer d\u00favida em rela\u00e7\u00e3o ao presente documento, favor entrar em contato enviando um e-mail para&nbsp;contato@cyberhouse.shop&nbsp;ou no telefone (45)&nbsp;3225-5000.<\/p>\n","protected":false},"excerpt":{"rendered":"<p>Politica de privacidade \/ Termos de Uso: O presente site destina-se a disponibilizar mais uma forma de compra aos consumidores da Terres Store, al\u00e9m de possibilitar a aproxima\u00e7\u00e3o de nossos clientes. &nbsp;Importante: ao navegar neste site, o usu\u00e1rio estar\u00e1 concordando com os Termos e Condi\u00e7\u00f5es&#8230;<\/p>\n","protected":false},"author":1,"featured_media":0,"parent":0,"menu_order":0,"comment_status":"closed","ping_status":"closed","template":"","meta":{"footnotes":""},"class_list":["post-3","page","type-page","status-publish","hentry"],"_links":{"self":[{"href":"https:\/\/cyberhouse.shop\/index.php\/wp-json\/wp\/v2\/pages\/3","targetHints":{"allow":["GET"]}}],"collection":[{"href":"https:\/\/cyberhouse.shop\/index.php\/wp-json\/wp\/v2\/pages"}],"about":[{"href":"https:\/\/cyberhouse.shop\/index.php\/wp-json\/wp\/v2\/types\/page"}],"author":[{"embeddable":true,"href":"https:\/\/cyberhouse.shop\/index.php\/wp-json\/wp\/v2\/users\/1"}],"replies":[{"embeddable":true,"href":"https:\/\/cyberhouse.shop\/index.php\/wp-json\/wp\/v2\/comments?post=3"}],"version-history":[{"count":5,"href":"https:\/\/cyberhouse.shop\/index.php\/wp-json\/wp\/v2\/pages\/3\/revisions"}],"predecessor-version":[{"id":5549,"href":"https:\/\/cyberhouse.shop\/index.php\/wp-json\/wp\/v2\/pages\/3\/revisions\/5549"}],"wp:attachment":[{"href":"https:\/\/cyberhouse.shop\/index.php\/wp-json\/wp\/v2\/media?parent=3"}],"curies":[{"name":"wp","href":"https:\/\/api.w.org\/{rel}","templated":true}]}}