{"id":5528,"date":"2020-08-24T17:45:19","date_gmt":"2020-08-24T20:45:19","guid":{"rendered":"https:\/\/cyberhouse.shop\/?post_type=product&#038;p=5528"},"modified":"2026-01-12T22:05:44","modified_gmt":"2026-01-13T01:05:44","slug":"roteador-greatek-gwr300n","status":"publish","type":"product","link":"https:\/\/cyberhouse.shop\/index.php\/produto\/roteador-greatek-gwr300n\/","title":{"rendered":"Roteador Greatek GWR300N"},"content":{"rendered":"<p><em>Compacto e de f\u00e1cil instala\u00e7\u00e3o, o roteador e repetidor wireless GWR300N \u00e9 ideal para quem precisa de uma internet \u00e1gil para acessar sites, redes sociais, assistir videos e baixar arquivos.<br \/>\nO roteador conta com duas antenas fixas de 5dBi para amplificar o sinal Wi-Fi pela casa e uma potencia de 100mW.<br \/>\nPronto para as novas conex\u00f5es, o roteador GWR300N \u00e9 Full IPv6, alem das fun\u00e7\u00f5es TR-069 e Reset Inteligente.<br \/>\nPortas: 4 portas LAN, 1 porta WAN<br \/>\nAntenas: 2 antenas fixas de 5dBi<br \/>\nBot\u00f5es: Reset, WPS<br \/>\nLED: Status<br \/>\nFrequ\u00eancia: 2.4Ghz<br \/>\nVelocidade Wi-Fi: 300Mbps<br \/>\nPotencia: 100mW (20dBm)<br \/>\nAlimenta\u00e7\u00e3o: 5VDC<\/em><\/p>\n","protected":false},"excerpt":{"rendered":"<p>Compacto e de f\u00e1cil instala\u00e7\u00e3o, o roteador e repetidor wireless GWR300N \u00e9 ideal para quem precisa de uma internet \u00e1gil para acessar sites, redes sociais, assistir videos e baixar arquivos.<br \/>\n6 anos de garantia de fabrica.<\/p>\n","protected":false},"featured_media":5531,"comment_status":"open","ping_status":"closed","template":"","meta":[],"etheme_brands":[{"term_id":111,"name":"Greatek","slug":"greatek","term_group":0,"term_taxonomy_id":111,"taxonomy":"brand","description":"","parent":0,"count":2,"filter":"raw"}],"product_brand":[],"product_cat":[90,88,123],"product_tag":[],"class_list":{"0":"post-5528","1":"product","2":"type-product","3":"status-publish","4":"has-post-thumbnail","6":"brand-greatek","7":"product_cat-conectividade","8":"product_cat-informatica","9":"product_cat-ofertas","11":"first","12":"instock","13":"taxable","14":"shipping-taxable","15":"purchasable","16":"product-type-simple"},"_links":{"self":[{"href":"https:\/\/cyberhouse.shop\/index.php\/wp-json\/wp\/v2\/product\/5528","targetHints":{"allow":["GET"]}}],"collection":[{"href":"https:\/\/cyberhouse.shop\/index.php\/wp-json\/wp\/v2\/product"}],"about":[{"href":"https:\/\/cyberhouse.shop\/index.php\/wp-json\/wp\/v2\/types\/product"}],"replies":[{"embeddable":true,"href":"https:\/\/cyberhouse.shop\/index.php\/wp-json\/wp\/v2\/comments?post=5528"}],"wp:featuredmedia":[{"embeddable":true,"href":"https:\/\/cyberhouse.shop\/index.php\/wp-json\/wp\/v2\/media\/5531"}],"wp:attachment":[{"href":"https:\/\/cyberhouse.shop\/index.php\/wp-json\/wp\/v2\/media?parent=5528"}],"wp:term":[{"taxonomy":"brand","embeddable":true,"href":"https:\/\/cyberhouse.shop\/index.php\/wp-json\/wp\/v2\/etheme_brands?post=5528"},{"taxonomy":"product_brand","embeddable":true,"href":"https:\/\/cyberhouse.shop\/index.php\/wp-json\/wp\/v2\/product_brand?post=5528"},{"taxonomy":"product_cat","embeddable":true,"href":"https:\/\/cyberhouse.shop\/index.php\/wp-json\/wp\/v2\/product_cat?post=5528"},{"taxonomy":"product_tag","embeddable":true,"href":"https:\/\/cyberhouse.shop\/index.php\/wp-json\/wp\/v2\/product_tag?post=5528"}],"curies":[{"name":"wp","href":"https:\/\/api.w.org\/{rel}","templated":true}]}}