{"id":5565,"date":"2020-09-08T17:31:06","date_gmt":"2020-09-08T20:31:06","guid":{"rendered":"https:\/\/cyberhouse.shop\/?post_type=product&#038;p=5565"},"modified":"2025-11-25T09:28:59","modified_gmt":"2025-11-25T12:28:59","slug":"fonte-corsair-vs650-80plus-450w","status":"publish","type":"product","link":"https:\/\/cyberhouse.shop\/index.php\/produto\/fonte-corsair-vs650-80plus-450w\/","title":{"rendered":"Fonte Corsair VS650 \u2013 80PLUS 650W"},"content":{"rendered":"<p>VS Series\u2122 VS650 \u2014 PSU de 650 Watts branca com certifica\u00e7\u00e3o 80 PLUS\u00ae (WW)<br \/>\nOs modelos da VS Series da CORSAIR combinam a efici\u00eancia de alimenta\u00e7\u00e3o 80 PLUS e os pre\u00e7os acess\u00edveis do fabricante de fontes de alimenta\u00e7\u00e3o para PCs mais confi\u00e1vel do mundo.<\/p>\n<p><em>DESENVOLVIDA PARA MONTADORES DE SISTEMAS<\/em><br \/>\nSeus cabos e revestimentos e conectores de cabos pretos facilitam a montagem de lindos sistemas de PC, e seu gabinete extremamente compacto de 125 mm cabe com facilidade em quase todos os gabinetes de PC modernos, possibilitando o m\u00e1ximo de compatibilidade.<\/p>\n<p><em>RU\u00cdDO BAIXO, EFICI\u00caNCIA ALTA<\/em><br \/>\nA ventoinha de 120 mm \u00e9 termicamente controlada para girar apenas quando for necess\u00e1rio, e sua opera\u00e7\u00e3o \u00e9 bastante silenciosa at\u00e9 com a carga m\u00e1xima. A VS650 recebeu a classifica\u00e7\u00e3o de maior efici\u00eancia pela certifica\u00e7\u00e3o 80 PLUS. Portanto, ela gera menos calor e tem um consumo de energia menor.<\/p>\n<p><em>CONFIABILIDADE M\u00c1XIMA<\/em><br \/>\nA VS650 tem uma extensa garantia de tr\u00eas anos, incluindo os excelentes suporte t\u00e9cnico e o atendimento ao cliente da CORSAIR.<\/p>\n","protected":false},"excerpt":{"rendered":"<p>A fonte de alimenta\u00e7\u00e3o VS650 garante um fornecimento cont\u00ednuo de 650 Watts de energia. Com entrada universal, essa fonte de alimenta\u00e7\u00e3o inclui um circuito com componentes capazes de suportar v\u00e1rias das principais voltagens (100-240 VAC). Os diversos circuitos de prote\u00e7\u00e3o da alimenta\u00e7\u00e3o oferecem ainda mais tranquilidade para voc\u00ea. Um \u00fanico trilho de 12V dedicado evita que voc\u00ea precise equilibrar a tens\u00e3o dos componentes pelos v\u00e1rios cabos de alimenta\u00e7\u00e3o.<\/p>\n","protected":false},"featured_media":5567,"comment_status":"open","ping_status":"closed","template":"","meta":[],"etheme_brands":[{"term_id":114,"name":"Corsair","slug":"corsair","term_group":0,"term_taxonomy_id":114,"taxonomy":"brand","description":"","parent":0,"count":2,"filter":"raw"}],"product_brand":[],"product_cat":[88,15],"product_tag":[116,115,118],"class_list":{"0":"post-5565","1":"product","2":"type-product","3":"status-publish","4":"has-post-thumbnail","6":"brand-corsair","7":"product_cat-informatica","8":"product_cat-uncategorized","9":"product_tag-corsair","10":"product_tag-fonte","11":"product_tag-vs650","13":"first","14":"instock","15":"taxable","16":"shipping-taxable","17":"purchasable","18":"product-type-simple"},"_links":{"self":[{"href":"https:\/\/cyberhouse.shop\/index.php\/wp-json\/wp\/v2\/product\/5565","targetHints":{"allow":["GET"]}}],"collection":[{"href":"https:\/\/cyberhouse.shop\/index.php\/wp-json\/wp\/v2\/product"}],"about":[{"href":"https:\/\/cyberhouse.shop\/index.php\/wp-json\/wp\/v2\/types\/product"}],"replies":[{"embeddable":true,"href":"https:\/\/cyberhouse.shop\/index.php\/wp-json\/wp\/v2\/comments?post=5565"}],"wp:featuredmedia":[{"embeddable":true,"href":"https:\/\/cyberhouse.shop\/index.php\/wp-json\/wp\/v2\/media\/5567"}],"wp:attachment":[{"href":"https:\/\/cyberhouse.shop\/index.php\/wp-json\/wp\/v2\/media?parent=5565"}],"wp:term":[{"taxonomy":"brand","embeddable":true,"href":"https:\/\/cyberhouse.shop\/index.php\/wp-json\/wp\/v2\/etheme_brands?post=5565"},{"taxonomy":"product_brand","embeddable":true,"href":"https:\/\/cyberhouse.shop\/index.php\/wp-json\/wp\/v2\/product_brand?post=5565"},{"taxonomy":"product_cat","embeddable":true,"href":"https:\/\/cyberhouse.shop\/index.php\/wp-json\/wp\/v2\/product_cat?post=5565"},{"taxonomy":"product_tag","embeddable":true,"href":"https:\/\/cyberhouse.shop\/index.php\/wp-json\/wp\/v2\/product_tag?post=5565"}],"curies":[{"name":"wp","href":"https:\/\/api.w.org\/{rel}","templated":true}]}}