{"id":5570,"date":"2020-09-09T10:55:36","date_gmt":"2020-09-09T13:55:36","guid":{"rendered":"https:\/\/cyberhouse.shop\/?post_type=product&#038;p=5570"},"modified":"2025-11-25T09:29:34","modified_gmt":"2025-11-25T12:29:34","slug":"google-chromecast-3o-geracao","status":"publish","type":"product","link":"https:\/\/cyberhouse.shop\/index.php\/produto\/google-chromecast-3o-geracao\/","title":{"rendered":"Google Chromecast"},"content":{"rendered":"<p><strong>O Chromecast 3 consegue reproduzir videos em at\u00e9; 1080p em 60 frames por segundo.<\/strong><\/p>\n<p>Quer assistir suas s\u00e9ries favoritas mas sua TV n\u00e3o tem fun\u00e7\u00e3o Smart? Ent\u00e3o, voc\u00ea precisa conhecer esse Chromecast 3 Streaming Device do Google! O Chromecast \u00e9 um aparelhinho que voc\u00ea conecta na sua TV e a\u00ed consegue transmitir imagens diretamente do seu Smartphone, Notebook, Tablets ou Ipad. Ele tem conex\u00f5es HDMI e Micro USB. Precisa ter uma rede Wi-fi para ele funcionar.<\/p>\n","protected":false},"excerpt":{"rendered":"<p>Tenha uma Smart TV onde estiver com o Google Chromecast 3 Streaming Device. Caso voc\u00ea desconhe\u00e7a a funcionalidade dele, saiba que ele \u00e9 um aparelhinho que voc\u00ea conecta na sua TV e transmite imagens diretamente do seu Smartphone, notebook, Tablets ou Ipad. Com ele voc\u00ea pode assistir seus filmes e s\u00e9ries em uma TV que n\u00e3o tenha a fun\u00e7\u00e3o Smart. E o melhor, voc\u00ea pode levar seu Google Chromecast 3 para qualquer lugar, tenha acesso a Netflix e a v\u00e1rios outros aplicativos em qualquer televis\u00e3o, n\u00e3o importando onde voc\u00ea esteja. Tem resolu\u00e7\u00e3o Full HD 1080 e conex\u00e3o HDMI e Micro USB.<\/p>\n","protected":false},"featured_media":5575,"comment_status":"open","ping_status":"closed","template":"","meta":[],"etheme_brands":[{"term_id":119,"name":"Google","slug":"google","term_group":0,"term_taxonomy_id":119,"taxonomy":"brand","description":"","parent":0,"count":1,"filter":"raw"}],"product_brand":[],"product_cat":[90,88],"product_tag":[120,121],"class_list":{"0":"post-5570","1":"product","2":"type-product","3":"status-publish","4":"has-post-thumbnail","6":"brand-google","7":"product_cat-conectividade","8":"product_cat-informatica","9":"product_tag-chromecast","10":"product_tag-google","12":"first","13":"instock","14":"taxable","15":"shipping-taxable","16":"purchasable","17":"product-type-simple"},"_links":{"self":[{"href":"https:\/\/cyberhouse.shop\/index.php\/wp-json\/wp\/v2\/product\/5570","targetHints":{"allow":["GET"]}}],"collection":[{"href":"https:\/\/cyberhouse.shop\/index.php\/wp-json\/wp\/v2\/product"}],"about":[{"href":"https:\/\/cyberhouse.shop\/index.php\/wp-json\/wp\/v2\/types\/product"}],"replies":[{"embeddable":true,"href":"https:\/\/cyberhouse.shop\/index.php\/wp-json\/wp\/v2\/comments?post=5570"}],"wp:featuredmedia":[{"embeddable":true,"href":"https:\/\/cyberhouse.shop\/index.php\/wp-json\/wp\/v2\/media\/5575"}],"wp:attachment":[{"href":"https:\/\/cyberhouse.shop\/index.php\/wp-json\/wp\/v2\/media?parent=5570"}],"wp:term":[{"taxonomy":"brand","embeddable":true,"href":"https:\/\/cyberhouse.shop\/index.php\/wp-json\/wp\/v2\/etheme_brands?post=5570"},{"taxonomy":"product_brand","embeddable":true,"href":"https:\/\/cyberhouse.shop\/index.php\/wp-json\/wp\/v2\/product_brand?post=5570"},{"taxonomy":"product_cat","embeddable":true,"href":"https:\/\/cyberhouse.shop\/index.php\/wp-json\/wp\/v2\/product_cat?post=5570"},{"taxonomy":"product_tag","embeddable":true,"href":"https:\/\/cyberhouse.shop\/index.php\/wp-json\/wp\/v2\/product_tag?post=5570"}],"curies":[{"name":"wp","href":"https:\/\/api.w.org\/{rel}","templated":true}]}}