{"id":5576,"date":"2020-09-14T10:44:54","date_gmt":"2020-09-14T13:44:54","guid":{"rendered":"https:\/\/cyberhouse.shop\/?post_type=product&#038;p=5576"},"modified":"2023-04-25T06:26:27","modified_gmt":"2023-04-25T09:26:27","slug":"power-bank-5200mah","status":"publish","type":"product","link":"https:\/\/cyberhouse.shop\/index.php\/produto\/power-bank-5200mah\/","title":{"rendered":"Power Bank 5200mah"},"content":{"rendered":"<p><em>Carregador Port\u00e1til TP-Link 5200mAh- TL-PB5200<br \/>\nA Solu\u00e7\u00e3o de Energia Confi\u00e1vel na Correria do Dia a Dia<br \/>\nCarregamento Inteligente<br \/>\nA Velocidade de Carregamento Mais R\u00e1pida da Categoria<br \/>\nProte\u00e7\u00e3o de Seguran\u00e7a 6 em 1<br \/>\nCompat\u00edvel com iPhone, iPad, Smartphones Android e a maioria dos Dispositivos digitais de Entrada de 5V.<\/em><\/p>\n","protected":false},"excerpt":{"rendered":"<p>Carregador Port\u00e1til TP-link Power Bank 5200 mah<br \/>\nCarga extra para o seu dia a dia.<\/p>\n","protected":false},"featured_media":5578,"comment_status":"open","ping_status":"closed","template":"","meta":[],"etheme_brands":[{"term_id":107,"name":"TP-link","slug":"tp-link","term_group":0,"term_taxonomy_id":107,"taxonomy":"brand","description":"","parent":0,"count":2,"filter":"raw"}],"product_brand":[],"product_cat":[90,88,93],"product_tag":[122,110],"class_list":{"0":"post-5576","1":"product","2":"type-product","3":"status-publish","4":"has-post-thumbnail","6":"brand-tp-link","7":"product_cat-conectividade","8":"product_cat-informatica","9":"product_cat-smartphone","10":"product_tag-carregador","11":"product_tag-tp-link","13":"first","14":"instock","15":"taxable","16":"shipping-taxable","17":"purchasable","18":"product-type-simple"},"_links":{"self":[{"href":"https:\/\/cyberhouse.shop\/index.php\/wp-json\/wp\/v2\/product\/5576","targetHints":{"allow":["GET"]}}],"collection":[{"href":"https:\/\/cyberhouse.shop\/index.php\/wp-json\/wp\/v2\/product"}],"about":[{"href":"https:\/\/cyberhouse.shop\/index.php\/wp-json\/wp\/v2\/types\/product"}],"replies":[{"embeddable":true,"href":"https:\/\/cyberhouse.shop\/index.php\/wp-json\/wp\/v2\/comments?post=5576"}],"wp:featuredmedia":[{"embeddable":true,"href":"https:\/\/cyberhouse.shop\/index.php\/wp-json\/wp\/v2\/media\/5578"}],"wp:attachment":[{"href":"https:\/\/cyberhouse.shop\/index.php\/wp-json\/wp\/v2\/media?parent=5576"}],"wp:term":[{"taxonomy":"brand","embeddable":true,"href":"https:\/\/cyberhouse.shop\/index.php\/wp-json\/wp\/v2\/etheme_brands?post=5576"},{"taxonomy":"product_brand","embeddable":true,"href":"https:\/\/cyberhouse.shop\/index.php\/wp-json\/wp\/v2\/product_brand?post=5576"},{"taxonomy":"product_cat","embeddable":true,"href":"https:\/\/cyberhouse.shop\/index.php\/wp-json\/wp\/v2\/product_cat?post=5576"},{"taxonomy":"product_tag","embeddable":true,"href":"https:\/\/cyberhouse.shop\/index.php\/wp-json\/wp\/v2\/product_tag?post=5576"}],"curies":[{"name":"wp","href":"https:\/\/api.w.org\/{rel}","templated":true}]}}